{"id":49,"date":"2025-06-25T05:19:12","date_gmt":"2025-06-25T05:19:12","guid":{"rendered":"https:\/\/urbanhydro.dk\/index.php\/silverstorm\/"},"modified":"2025-06-28T19:30:02","modified_gmt":"2025-06-28T19:30:02","slug":"silverstorm","status":"publish","type":"page","link":"https:\/\/urbanhydro.dk\/","title":{"rendered":"KOMMER SNART"},"content":{"rendered":"\t\t<div data-elementor-type=\"wp-page\" data-elementor-id=\"49\" class=\"elementor elementor-49\">\n\t\t\t\t<div class=\"elementor-element elementor-element-1661c1a9 e-flex e-con-boxed e-con e-parent\" data-id=\"1661c1a9\" data-element_type=\"container\">\n\t\t\t\t\t<div class=\"e-con-inner\">\n\t\t\t\t<div class=\"elementor-element elementor-element-4de8db78 elementor-widget elementor-widget-text-editor\" data-id=\"4de8db78\" data-element_type=\"widget\" data-widget_type=\"text-editor.default\">\n\t\t\t\t<div class=\"elementor-widget-container\">\n\t\t\t\t\t\t\t\t\t<h2><strong>\u00a0Grow Good<\/strong><\/h2>\n<p>Med UrbanHydro\u00ae f\u00e5r du alt, du skal bruge for at dyrke b\u00e6redygtigt derhjemme \u2013 enkelt, ansvarligt og uden un\u00f8digt forbrug. Du bliver en del af et f\u00e6llesskab, hvor gr\u00f8nne valg spirer, og hvor hver h\u00f8st bringer os t\u00e6ttere p\u00e5 en mere regenerativ livsstil.<\/p>\n<h2><strong>\u00a0Learn Deep<\/strong><\/h2>\n<p>Vores g\u00f8r-det-selv platform guider dig fra f\u00f8rste fr\u00f8 til f\u00e6rdig h\u00f8st \u2013 og videre. Her deler vi viden, og her deler du den ogs\u00e5 selv. UrbanHydro\u00ae er ikke kun et produkt, men en levende l\u00e6ringsrejse, hvor growere inspirerer hinanden og fordyber sig i, hvordan vi sammen skaber en mere balanceret fremtid.<\/p>\n<h1><strong>\u00a0Live Life<\/strong><\/h1>\n<p><span style=\"color: #eeeeee; font-size: 1.125rem;\">Hver spirende plante er et lille l\u00f8fte om noget st\u00f8rre. Med UrbanHydro\u00ae bliver det muligt at leve med omtanke og rytme \u2013 uden at give afkald p\u00e5 hverken komfort eller f\u00e6llesskab. Du f\u00e5r adgang til regelm\u00e6ssige inspirationsopslag om b\u00e6redygtighed, praksis og perspektiv. Livet gror, n\u00e5r vi deler det.<\/span><\/p>\t\t\t\t\t\t\t\t<\/div>\n\t\t\t\t<\/div>\n\t\t\t\t<div class=\"elementor-element elementor-element-34a5b36 elementor-widget elementor-widget-wpzoom-elementor-addons-image-box\" data-id=\"34a5b36\" data-element_type=\"widget\" data-widget_type=\"wpzoom-elementor-addons-image-box.default\">\n\t\t\t\t<div class=\"elementor-widget-container\">\n\t\t\t\t\t\t\t<div class=\"wpzoom-elementor-addons-image-box\">\n\t\t\t<h3>\n\t\t\t\t<span class=\"wpzoom-elementor-addons-image-box-link not-linked has-image\" style=\"background-image:url('https:\/\/urbanhydro.dk\/wp-content\/uploads\/2025\/06\/ChatGPT-Image-Jun-27-2025-01_50_44-PM.png');\"><span>KOMMER SNART<\/span><\/span>\t\t\t<\/h3>\n\t\t<\/div><!-- \/\/.wpzoom-elementor-addons-image-box -->\n\t\t\t\t\t\t<\/div>\n\t\t\t\t<\/div>\n\t\t\t\t\t<\/div>\n\t\t\t\t<\/div>\n\t\t<div class=\"elementor-element elementor-element-b6a4d89 e-flex e-con-boxed e-con e-parent\" data-id=\"b6a4d89\" data-element_type=\"container\">\n\t\t\t\t\t<div class=\"e-con-inner\">\n\t\t\t\t\t<\/div>\n\t\t\t\t<\/div>\n\t\t\t\t<\/div>\n\t\t","protected":false},"excerpt":{"rendered":"<p>\u00a0Grow Good Med UrbanHydro\u00ae f\u00e5r du alt, du skal bruge for at dyrke b\u00e6redygtigt derhjemme \u2013 enkelt, ansvarligt og uden un\u00f8digt forbrug. Du bliver en del af et f\u00e6llesskab, hvor gr\u00f8nne valg spirer, og hvor hver h\u00f8st bringer os t\u00e6ttere p\u00e5 en mere regenerativ livsstil. \u00a0Learn Deep Vores g\u00f8r-det-selv platform guider dig fra f\u00f8rste fr\u00f8 &hellip; <\/p>\n<p class=\"link-more\"><a href=\"https:\/\/urbanhydro.dk\/\" class=\"more-link\">L\u00e6s videre<span class=\"screen-reader-text\"> &#8220;KOMMER SNART&#8221;<\/span><\/a><\/p>\n","protected":false},"author":1,"featured_media":16,"parent":0,"menu_order":0,"comment_status":"closed","ping_status":"closed","template":"elementor_header_footer","meta":{"footnotes":""},"class_list":["post-49","page","type-page","status-publish","has-post-thumbnail","hentry"],"jetpack_sharing_enabled":true,"featured_media_urls":{"thumbnail":["https:\/\/urbanhydro.dk\/wp-content\/uploads\/2025\/06\/cropped-FB_IMG_1747693614108-150x150.jpg",150,150,true],"medium":["https:\/\/urbanhydro.dk\/wp-content\/uploads\/2025\/06\/cropped-FB_IMG_1747693614108.jpg",267,268,false],"medium_large":["https:\/\/urbanhydro.dk\/wp-content\/uploads\/2025\/06\/cropped-FB_IMG_1747693614108.jpg",267,268,false],"large":["https:\/\/urbanhydro.dk\/wp-content\/uploads\/2025\/06\/cropped-FB_IMG_1747693614108.jpg",267,268,false],"1536x1536":["https:\/\/urbanhydro.dk\/wp-content\/uploads\/2025\/06\/cropped-FB_IMG_1747693614108.jpg",267,268,false],"2048x2048":["https:\/\/urbanhydro.dk\/wp-content\/uploads\/2025\/06\/cropped-FB_IMG_1747693614108.jpg",267,268,false],"twentyseventeen-featured-image":["https:\/\/urbanhydro.dk\/wp-content\/uploads\/2025\/06\/cropped-FB_IMG_1747693614108.jpg",267,268,false],"twentyseventeen-thumbnail-avatar":["https:\/\/urbanhydro.dk\/wp-content\/uploads\/2025\/06\/cropped-FB_IMG_1747693614108.jpg",100,100,false],"portfolio_item-thumbnail":["https:\/\/urbanhydro.dk\/wp-content\/uploads\/2025\/06\/cropped-FB_IMG_1747693614108.jpg",267,268,false],"portfolio_item-thumbnail@2x":["https:\/\/urbanhydro.dk\/wp-content\/uploads\/2025\/06\/cropped-FB_IMG_1747693614108.jpg",267,268,false],"portfolio_item-masonry":["https:\/\/urbanhydro.dk\/wp-content\/uploads\/2025\/06\/cropped-FB_IMG_1747693614108.jpg",267,268,false],"portfolio_item-masonry@2x":["https:\/\/urbanhydro.dk\/wp-content\/uploads\/2025\/06\/cropped-FB_IMG_1747693614108.jpg",267,268,false],"portfolio_item-thumbnail_cinema":["https:\/\/urbanhydro.dk\/wp-content\/uploads\/2025\/06\/cropped-FB_IMG_1747693614108.jpg",267,268,false],"portfolio_item-thumbnail_portrait":["https:\/\/urbanhydro.dk\/wp-content\/uploads\/2025\/06\/cropped-FB_IMG_1747693614108.jpg",267,268,false],"portfolio_item-thumbnail_portrait@2x":["https:\/\/urbanhydro.dk\/wp-content\/uploads\/2025\/06\/cropped-FB_IMG_1747693614108.jpg",267,268,false],"portfolio_item-thumbnail_square":["https:\/\/urbanhydro.dk\/wp-content\/uploads\/2025\/06\/cropped-FB_IMG_1747693614108.jpg",267,268,false]},"_links":{"self":[{"href":"https:\/\/urbanhydro.dk\/index.php\/wp-json\/wp\/v2\/pages\/49","targetHints":{"allow":["GET"]}}],"collection":[{"href":"https:\/\/urbanhydro.dk\/index.php\/wp-json\/wp\/v2\/pages"}],"about":[{"href":"https:\/\/urbanhydro.dk\/index.php\/wp-json\/wp\/v2\/types\/page"}],"author":[{"embeddable":true,"href":"https:\/\/urbanhydro.dk\/index.php\/wp-json\/wp\/v2\/users\/1"}],"replies":[{"embeddable":true,"href":"https:\/\/urbanhydro.dk\/index.php\/wp-json\/wp\/v2\/comments?post=49"}],"version-history":[{"count":78,"href":"https:\/\/urbanhydro.dk\/index.php\/wp-json\/wp\/v2\/pages\/49\/revisions"}],"predecessor-version":[{"id":284,"href":"https:\/\/urbanhydro.dk\/index.php\/wp-json\/wp\/v2\/pages\/49\/revisions\/284"}],"wp:featuredmedia":[{"embeddable":true,"href":"https:\/\/urbanhydro.dk\/index.php\/wp-json\/wp\/v2\/media\/16"}],"wp:attachment":[{"href":"https:\/\/urbanhydro.dk\/index.php\/wp-json\/wp\/v2\/media?parent=49"}],"curies":[{"name":"wp","href":"https:\/\/api.w.org\/{rel}","templated":true}]}}